{"id":10186,"date":"2017-08-31T12:29:26","date_gmt":"2017-08-31T10:29:26","guid":{"rendered":"http:\/\/new.the-expat-psychologist.nl\/?page_id=10186"},"modified":"2025-03-13T11:51:12","modified_gmt":"2025-03-13T10:51:12","slug":"tarief-en-sessie-duur","status":"publish","type":"page","link":"https:\/\/www.the-expat-psychologist.nl\/de\/general\/rates\/","title":{"rendered":"Rates and refunds"},"content":{"rendered":"<p class=\"qtranxs-available-languages-message qtranxs-available-languages-message-de\">Leider ist der Eintrag nur auf <a href=\"https:\/\/www.the-expat-psychologist.nl\/en\/wp-json\/wp\/v2\/pages\/10186\" class=\"qtranxs-available-language-link qtranxs-available-language-link-en\" title=\"English\">English<\/a> und <a href=\"https:\/\/www.the-expat-psychologist.nl\/nl\/wp-json\/wp\/v2\/pages\/10186\" class=\"qtranxs-available-language-link qtranxs-available-language-link-nl\" title=\"Nederlands\">Nederlands<\/a> verf\u00fcgbar. Der Inhalt wird in der Standard-Sprache dieser Website angezeigt. Sie k\u00f6nnen einen Link anklicken, um zu einer anderen verf\u00fcgbaren Sprache zu wechseln.<\/p><p><\/p>\n<h1>Rates and refunds for The Expat Psychologist<\/h1>\n<p>The costs and duration per session differ per psychologist. In general, an individual session costs \u20ac129 to \u20ac193,50 and lasts 45 to 90 minutes. Relationship counseling or other sessions for two people often last longer and cost extra compared to individual sessions. In most cases, treatment requires 5 to 10 sessions.<\/p>\n<h3>Payment and cancellation<\/h3>\n<p>You may cancel your appointment, but we would appreciate it if you would inform us at least 24 hours in advance, so that we can make other arrangements.<\/p>\n<p>If you have questions or would like to know whether we can help, <strong><a href=\"https:\/\/www.the-expat-psychologist.nl\/contact\/\">call or email<\/a><\/strong> us to make an appointment.","protected":false},"excerpt":{"rendered":"<p>Leider ist der Eintrag nur auf English und Nederlands verf\u00fcgbar. Der Inhalt wird in der Standard-Sprache dieser Website angezeigt. Sie k\u00f6nnen einen Link anklicken, um zu einer anderen verf\u00fcgbaren Sprache zu wechseln. Rates and refunds for The Expat Psychologist The costs and duration per session differ per psychologist. In general, an individual session costs \u20ac129 [&hellip;]<\/p>\n","protected":false},"author":1,"featured_media":0,"parent":10059,"menu_order":0,"comment_status":"closed","ping_status":"closed","template":"","meta":{"footnotes":""},"class_list":["post-10186","page","type-page","status-publish","hentry"],"yoast_head":"<!-- This site is optimized with the Yoast SEO plugin v23.3 - https:\/\/yoast.com\/wordpress\/plugins\/seo\/ -->\n<title>Rates and refunds - The Expat Psychologists<\/title>\n<meta name=\"robots\" content=\"index, follow, max-snippet:-1, max-image-preview:large, max-video-preview:-1\" \/>\n<link rel=\"canonical\" href=\"https:\/\/www.the-expat-psychologist.nl\/general\/rates\/\" \/>\n<meta property=\"og:locale\" content=\"de_DE\" \/>\n<meta property=\"og:type\" content=\"article\" \/>\n<meta property=\"og:title\" content=\"Rates and refunds - The Expat Psychologists\" \/>\n<meta property=\"og:description\" content=\"Leider ist der Eintrag nur auf English und Nederlands verf\u00fcgbar. Der Inhalt wird in der Standard-Sprache dieser Website angezeigt. Sie k\u00f6nnen einen Link anklicken, um zu einer anderen verf\u00fcgbaren Sprache zu wechseln. Rates and refunds for The Expat Psychologist The costs and duration per session differ per psychologist. In general, an individual session costs \u20ac129 [&hellip;]\" \/>\n<meta property=\"og:url\" content=\"https:\/\/www.the-expat-psychologist.nl\/general\/rates\/\" \/>\n<meta property=\"og:site_name\" content=\"The Expat Psychologists\" \/>\n<meta property=\"article:modified_time\" content=\"2025-03-13T10:51:12+00:00\" \/>\n<meta name=\"twitter:card\" content=\"summary_large_image\" \/>\n<meta name=\"twitter:label1\" content=\"Gesch\u00e4tzte Lesezeit\" \/>\n\t<meta name=\"twitter:data1\" content=\"1\u00a0Minute\" \/>\n<script type=\"application\/ld+json\" class=\"yoast-schema-graph\">{\"@context\":\"https:\/\/schema.org\",\"@graph\":[{\"@type\":\"WebPage\",\"@id\":\"https:\/\/www.the-expat-psychologist.nl\/general\/rates\/\",\"url\":\"https:\/\/www.the-expat-psychologist.nl\/general\/rates\/\",\"name\":\"Rates and refunds - The Expat Psychologists\",\"isPartOf\":{\"@id\":\"https:\/\/www.the-expat-psychologist.nl\/#website\"},\"datePublished\":\"2017-08-31T10:29:26+00:00\",\"dateModified\":\"2025-03-13T10:51:12+00:00\",\"breadcrumb\":{\"@id\":\"https:\/\/www.the-expat-psychologist.nl\/general\/rates\/#breadcrumb\"},\"inLanguage\":\"de\",\"potentialAction\":[{\"@type\":\"ReadAction\",\"target\":[\"https:\/\/www.the-expat-psychologist.nl\/general\/rates\/\"]}]},{\"@type\":\"BreadcrumbList\",\"@id\":\"https:\/\/www.the-expat-psychologist.nl\/general\/rates\/#breadcrumb\",\"itemListElement\":[{\"@type\":\"ListItem\",\"position\":1,\"name\":\"Home\",\"item\":\"https:\/\/www.the-expat-psychologist.nl\/\"},{\"@type\":\"ListItem\",\"position\":2,\"name\":\"General\",\"item\":\"https:\/\/www.the-expat-psychologist.nl\/it\/general\/\"},{\"@type\":\"ListItem\",\"position\":3,\"name\":\"Rates and refunds\"}]},{\"@type\":\"WebSite\",\"@id\":\"https:\/\/www.the-expat-psychologist.nl\/#website\",\"url\":\"https:\/\/www.the-expat-psychologist.nl\/\",\"name\":\"The Expat Psychologists\",\"description\":\"Wir helfen dir \u00fcberall!\",\"potentialAction\":[{\"@type\":\"SearchAction\",\"target\":{\"@type\":\"EntryPoint\",\"urlTemplate\":\"https:\/\/www.the-expat-psychologist.nl\/?s={search_term_string}\"},\"query-input\":\"required name=search_term_string\"}],\"inLanguage\":\"de\"}]}<\/script>\n<!-- \/ Yoast SEO plugin. -->","yoast_head_json":{"title":"Rates and refunds - The Expat Psychologists","robots":{"index":"index","follow":"follow","max-snippet":"max-snippet:-1","max-image-preview":"max-image-preview:large","max-video-preview":"max-video-preview:-1"},"canonical":"https:\/\/www.the-expat-psychologist.nl\/general\/rates\/","og_locale":"de_DE","og_type":"article","og_title":"Rates and refunds - The Expat Psychologists","og_description":"Leider ist der Eintrag nur auf English und Nederlands verf\u00fcgbar. Der Inhalt wird in der Standard-Sprache dieser Website angezeigt. Sie k\u00f6nnen einen Link anklicken, um zu einer anderen verf\u00fcgbaren Sprache zu wechseln. Rates and refunds for The Expat Psychologist The costs and duration per session differ per psychologist. In general, an individual session costs \u20ac129 [&hellip;]","og_url":"https:\/\/www.the-expat-psychologist.nl\/general\/rates\/","og_site_name":"The Expat Psychologists","article_modified_time":"2025-03-13T10:51:12+00:00","twitter_card":"summary_large_image","twitter_misc":{"Gesch\u00e4tzte Lesezeit":"1\u00a0Minute"},"schema":{"@context":"https:\/\/schema.org","@graph":[{"@type":"WebPage","@id":"https:\/\/www.the-expat-psychologist.nl\/general\/rates\/","url":"https:\/\/www.the-expat-psychologist.nl\/general\/rates\/","name":"Rates and refunds - The Expat Psychologists","isPartOf":{"@id":"https:\/\/www.the-expat-psychologist.nl\/#website"},"datePublished":"2017-08-31T10:29:26+00:00","dateModified":"2025-03-13T10:51:12+00:00","breadcrumb":{"@id":"https:\/\/www.the-expat-psychologist.nl\/general\/rates\/#breadcrumb"},"inLanguage":"de","potentialAction":[{"@type":"ReadAction","target":["https:\/\/www.the-expat-psychologist.nl\/general\/rates\/"]}]},{"@type":"BreadcrumbList","@id":"https:\/\/www.the-expat-psychologist.nl\/general\/rates\/#breadcrumb","itemListElement":[{"@type":"ListItem","position":1,"name":"Home","item":"https:\/\/www.the-expat-psychologist.nl\/"},{"@type":"ListItem","position":2,"name":"General","item":"https:\/\/www.the-expat-psychologist.nl\/it\/general\/"},{"@type":"ListItem","position":3,"name":"Rates and refunds"}]},{"@type":"WebSite","@id":"https:\/\/www.the-expat-psychologist.nl\/#website","url":"https:\/\/www.the-expat-psychologist.nl\/","name":"The Expat Psychologists","description":"Wir helfen dir \u00fcberall!","potentialAction":[{"@type":"SearchAction","target":{"@type":"EntryPoint","urlTemplate":"https:\/\/www.the-expat-psychologist.nl\/?s={search_term_string}"},"query-input":"required name=search_term_string"}],"inLanguage":"de"}]}},"_links":{"self":[{"href":"https:\/\/www.the-expat-psychologist.nl\/de\/wp-json\/wp\/v2\/pages\/10186"}],"collection":[{"href":"https:\/\/www.the-expat-psychologist.nl\/de\/wp-json\/wp\/v2\/pages"}],"about":[{"href":"https:\/\/www.the-expat-psychologist.nl\/de\/wp-json\/wp\/v2\/types\/page"}],"author":[{"embeddable":true,"href":"https:\/\/www.the-expat-psychologist.nl\/de\/wp-json\/wp\/v2\/users\/1"}],"replies":[{"embeddable":true,"href":"https:\/\/www.the-expat-psychologist.nl\/de\/wp-json\/wp\/v2\/comments?post=10186"}],"version-history":[{"count":15,"href":"https:\/\/www.the-expat-psychologist.nl\/de\/wp-json\/wp\/v2\/pages\/10186\/revisions"}],"predecessor-version":[{"id":10854,"href":"https:\/\/www.the-expat-psychologist.nl\/de\/wp-json\/wp\/v2\/pages\/10186\/revisions\/10854"}],"up":[{"embeddable":true,"href":"https:\/\/www.the-expat-psychologist.nl\/de\/wp-json\/wp\/v2\/pages\/10059"}],"wp:attachment":[{"href":"https:\/\/www.the-expat-psychologist.nl\/de\/wp-json\/wp\/v2\/media?parent=10186"}],"curies":[{"name":"wp","href":"https:\/\/api.w.org\/{rel}","templated":true}]}}