{"id":10059,"date":"2017-08-30T12:15:36","date_gmt":"2017-08-30T10:15:36","guid":{"rendered":"http:\/\/new.the-expat-psychologist.nl\/?page_id=10059"},"modified":"2017-12-22T09:15:33","modified_gmt":"2017-12-22T08:15:33","slug":"general","status":"publish","type":"page","link":"https:\/\/www.the-expat-psychologist.nl\/hu\/general\/","title":{"rendered":"(English) General"},"content":{"rendered":"<h1>Counseling at the Expat Psychologist<\/h1>\n<h3>When do I need to consult a psychologist?<\/h3>\n<p>This is a question that many people with feelings of discomfort ask themselves. The answer is surprisingly simple. As soon as you start to wonder whether or not you should see a psychologist is when you should make an appointment to see one, or to see your GP.<\/p>\n<p>As you ask yourself this question, you have not only admitted to yourself that something might be wrong, but you are also motivated to change it. In fact, you have already taken two of the more difficult steps in the counseling process.<\/p>\n<h3>Asking for help can be difficult<\/h3>\n<p>We understand that you might be hesitant. Many people are. You wonder whether your feelings, emotions or behavior really are an indication that you have a problem. Is it really all that bad? Shouldn\u2019t you be able to work through this yourself?<\/p>\n<p>You have those thoughts because you can\u2019t gauge your feelings; you don\u2019t know how other people feel on the inside.<\/p>\n<p align=\"justify\">Nevertheless, you and you alone can evaluate your quality of life. That\u2019s why your inner feelings are always spot-on. This is something that you can be sure of. If you\u2019re stuck, you\u2019re stuck. If you\u2019re in pain, you\u2019re in pain. If you need help, you need help.<\/p>\n<p>And it is best to act now. If you don\u2019t do something about it, things might go from bad to worse.<\/p>\n<h3>We believe in you<\/h3>\n<p>The Expat Psychologist operates on the basic principle that you already possess all the qualities and talents that you need to overcome this situation.<\/p>\n<p>If you would like to know more about the Expat Psychologist, or do you have a specific question about your situation, <strong><a href=\"https:\/\/the-expat-psychologist.nl\/contact\/\">call or email<\/a><\/strong> us to make an appointment.<\/p>\n","protected":false},"excerpt":{"rendered":"<p>Counseling at the Expat Psychologist When do I need to consult a psychologist? This is a question that many people with feelings of discomfort ask themselves. The answer is surprisingly simple. As soon as you start to wonder whether or not you should see a psychologist is when you should make an appointment to see [&hellip;]<\/p>\n","protected":false},"author":1,"featured_media":0,"parent":0,"menu_order":0,"comment_status":"closed","ping_status":"closed","template":"","meta":{"footnotes":""},"class_list":["post-10059","page","type-page","status-publish","hentry"],"yoast_head":"<!-- This site is optimized with the Yoast SEO plugin v23.3 - https:\/\/yoast.com\/wordpress\/plugins\/seo\/ -->\n<title>The Expat Psychologist - General<\/title>\n<meta name=\"description\" content=\"When do I need to consult a psychologist? As soon as you start to wonder whether or not you should see a psychologist is when you should make an appointment\" \/>\n<meta name=\"robots\" content=\"index, follow, max-snippet:-1, max-image-preview:large, max-video-preview:-1\" \/>\n<link rel=\"canonical\" href=\"https:\/\/www.the-expat-psychologist.nl\/it\/general\/\" \/>\n<meta property=\"og:locale\" content=\"hu_HU\" \/>\n<meta property=\"og:type\" content=\"article\" \/>\n<meta property=\"og:title\" content=\"The Expat Psychologist - General\" \/>\n<meta property=\"og:description\" content=\"When do I need to consult a psychologist? As soon as you start to wonder whether or not you should see a psychologist is when you should make an appointment\" \/>\n<meta property=\"og:url\" content=\"https:\/\/www.the-expat-psychologist.nl\/it\/general\/\" \/>\n<meta property=\"og:site_name\" content=\"The Expat Psychologists\" \/>\n<meta property=\"article:modified_time\" content=\"2017-12-22T08:15:33+00:00\" \/>\n<meta name=\"twitter:card\" content=\"summary_large_image\" \/>\n<meta name=\"twitter:label1\" content=\"Becs\u00fclt olvas\u00e1si id\u0151\" \/>\n\t<meta name=\"twitter:data1\" content=\"2 perc\" \/>\n<script type=\"application\/ld+json\" class=\"yoast-schema-graph\">{\"@context\":\"https:\/\/schema.org\",\"@graph\":[{\"@type\":\"WebPage\",\"@id\":\"https:\/\/www.the-expat-psychologist.nl\/it\/general\/\",\"url\":\"https:\/\/www.the-expat-psychologist.nl\/it\/general\/\",\"name\":\"The Expat Psychologist - General\",\"isPartOf\":{\"@id\":\"https:\/\/www.the-expat-psychologist.nl\/#website\"},\"datePublished\":\"2017-08-30T10:15:36+00:00\",\"dateModified\":\"2017-12-22T08:15:33+00:00\",\"description\":\"When do I need to consult a psychologist? As soon as you start to wonder whether or not you should see a psychologist is when you should make an appointment\",\"breadcrumb\":{\"@id\":\"https:\/\/www.the-expat-psychologist.nl\/it\/general\/#breadcrumb\"},\"inLanguage\":\"hu\",\"potentialAction\":[{\"@type\":\"ReadAction\",\"target\":[\"https:\/\/www.the-expat-psychologist.nl\/it\/general\/\"]}]},{\"@type\":\"BreadcrumbList\",\"@id\":\"https:\/\/www.the-expat-psychologist.nl\/it\/general\/#breadcrumb\",\"itemListElement\":[{\"@type\":\"ListItem\",\"position\":1,\"name\":\"Home\",\"item\":\"https:\/\/www.the-expat-psychologist.nl\/\"},{\"@type\":\"ListItem\",\"position\":2,\"name\":\"General\"}]},{\"@type\":\"WebSite\",\"@id\":\"https:\/\/www.the-expat-psychologist.nl\/#website\",\"url\":\"https:\/\/www.the-expat-psychologist.nl\/\",\"name\":\"The Expat Psychologists\",\"description\":\"(English) We help you everywhere!\",\"potentialAction\":[{\"@type\":\"SearchAction\",\"target\":{\"@type\":\"EntryPoint\",\"urlTemplate\":\"https:\/\/www.the-expat-psychologist.nl\/?s={search_term_string}\"},\"query-input\":\"required name=search_term_string\"}],\"inLanguage\":\"hu\"}]}<\/script>\n<!-- \/ Yoast SEO plugin. -->","yoast_head_json":{"title":"The Expat Psychologist - General","description":"When do I need to consult a psychologist? As soon as you start to wonder whether or not you should see a psychologist is when you should make an appointment","robots":{"index":"index","follow":"follow","max-snippet":"max-snippet:-1","max-image-preview":"max-image-preview:large","max-video-preview":"max-video-preview:-1"},"canonical":"https:\/\/www.the-expat-psychologist.nl\/it\/general\/","og_locale":"hu_HU","og_type":"article","og_title":"The Expat Psychologist - General","og_description":"When do I need to consult a psychologist? As soon as you start to wonder whether or not you should see a psychologist is when you should make an appointment","og_url":"https:\/\/www.the-expat-psychologist.nl\/it\/general\/","og_site_name":"The Expat Psychologists","article_modified_time":"2017-12-22T08:15:33+00:00","twitter_card":"summary_large_image","twitter_misc":{"Becs\u00fclt olvas\u00e1si id\u0151":"2 perc"},"schema":{"@context":"https:\/\/schema.org","@graph":[{"@type":"WebPage","@id":"https:\/\/www.the-expat-psychologist.nl\/it\/general\/","url":"https:\/\/www.the-expat-psychologist.nl\/it\/general\/","name":"The Expat Psychologist - General","isPartOf":{"@id":"https:\/\/www.the-expat-psychologist.nl\/#website"},"datePublished":"2017-08-30T10:15:36+00:00","dateModified":"2017-12-22T08:15:33+00:00","description":"When do I need to consult a psychologist? As soon as you start to wonder whether or not you should see a psychologist is when you should make an appointment","breadcrumb":{"@id":"https:\/\/www.the-expat-psychologist.nl\/it\/general\/#breadcrumb"},"inLanguage":"hu","potentialAction":[{"@type":"ReadAction","target":["https:\/\/www.the-expat-psychologist.nl\/it\/general\/"]}]},{"@type":"BreadcrumbList","@id":"https:\/\/www.the-expat-psychologist.nl\/it\/general\/#breadcrumb","itemListElement":[{"@type":"ListItem","position":1,"name":"Home","item":"https:\/\/www.the-expat-psychologist.nl\/"},{"@type":"ListItem","position":2,"name":"General"}]},{"@type":"WebSite","@id":"https:\/\/www.the-expat-psychologist.nl\/#website","url":"https:\/\/www.the-expat-psychologist.nl\/","name":"The Expat Psychologists","description":"(English) We help you everywhere!","potentialAction":[{"@type":"SearchAction","target":{"@type":"EntryPoint","urlTemplate":"https:\/\/www.the-expat-psychologist.nl\/?s={search_term_string}"},"query-input":"required name=search_term_string"}],"inLanguage":"hu"}]}},"_links":{"self":[{"href":"https:\/\/www.the-expat-psychologist.nl\/hu\/wp-json\/wp\/v2\/pages\/10059"}],"collection":[{"href":"https:\/\/www.the-expat-psychologist.nl\/hu\/wp-json\/wp\/v2\/pages"}],"about":[{"href":"https:\/\/www.the-expat-psychologist.nl\/hu\/wp-json\/wp\/v2\/types\/page"}],"author":[{"embeddable":true,"href":"https:\/\/www.the-expat-psychologist.nl\/hu\/wp-json\/wp\/v2\/users\/1"}],"replies":[{"embeddable":true,"href":"https:\/\/www.the-expat-psychologist.nl\/hu\/wp-json\/wp\/v2\/comments?post=10059"}],"version-history":[{"count":6,"href":"https:\/\/www.the-expat-psychologist.nl\/hu\/wp-json\/wp\/v2\/pages\/10059\/revisions"}],"predecessor-version":[{"id":10714,"href":"https:\/\/www.the-expat-psychologist.nl\/hu\/wp-json\/wp\/v2\/pages\/10059\/revisions\/10714"}],"wp:attachment":[{"href":"https:\/\/www.the-expat-psychologist.nl\/hu\/wp-json\/wp\/v2\/media?parent=10059"}],"curies":[{"name":"wp","href":"https:\/\/api.w.org\/{rel}","templated":true}]}}